{"id":30,"date":"2020-08-10T12:21:15","date_gmt":"2020-08-10T12:21:15","guid":{"rendered":"http:\/\/physio-buseck.de\/?page_id=30"},"modified":"2020-08-10T13:39:59","modified_gmt":"2020-08-10T13:39:59","slug":"du-suchst","status":"publish","type":"page","link":"https:\/\/physio-buseck.de\/?page_id=30","title":{"rendered":"Komm ins Team!"},"content":{"rendered":"\n<div class=\"wp-block-media-text alignwide is-vertically-aligned-top\" style=\"grid-template-columns:25% auto\"><figure class=\"wp-block-media-text__media\"><img loading=\"lazy\" decoding=\"async\" width=\"777\" height=\"1024\" src=\"https:\/\/physio-buseck.de\/wp-content\/uploads\/2018\/11\/T-Shirt-777x1024.jpg\" alt=\"\" class=\"wp-image-5\"\/><\/figure><div class=\"wp-block-media-text__content\">\n<h2 class=\"wp-block-heading\"><strong>DU SUCHST &#8230;<\/strong><\/h2>\n\n\n\n<ul class=\"wp-block-list\"><li>eine Arbeitsstelle als <strong>PHYSIOTHERAPEUT<\/strong> (m\/w\/d) mit einem strukturierten und stressfreien Tagesablauf?<\/li><li>einen <strong>GUT BEZAHLTEN<\/strong> Job?<\/li><\/ul>\n<\/div><\/div>\n\n\n\n<h2 class=\"wp-block-heading\"><strong>Dann bist du gerade f\u00fcndig geworden!<\/strong><\/h2>\n\n\n\n<p>Wir bieten flexible Arbeitszeiten, bezahlten Fortbildungsurlaub (5 Tage pro Jahr), interne Fortbildungen und vieles mehr.<\/p>\n\n\n\n<p>Wenn du zudem Lust darauf hast, in einem wirklich tollen Team zu arbeiten, dann bist du bei uns genau an der richtigen Stelle!<\/p>\n\n\n\n<p>Denn wir suchen f\u00fcr unsere kleine aber feine Praxisfamilie Neuzuwachs und w\u00fcrden uns \u00fcber eine Bewerbung per eMail oder einen Anruf von dir freuen.<br>Wir sind ein kleines Team von sieben Mitarbeitern inklusive Rezeptionskr\u00e4fte.<\/p>\n\n\n\n<p>Z\u00f6gere nicht, und bewerbe dich einfach &#8211; <br><strong>WIR freuen uns auf DICH !!!<\/strong><\/p>\n","protected":false},"excerpt":{"rendered":"<p>DU SUCHST &#8230; eine Arbeitsstelle als PHYSIOTHERAPEUT (m\/w\/d) mit einem strukturierten und stressfreien Tagesablauf? einen GUT BEZAHLTEN Job? Dann bist du gerade f\u00fcndig geworden! Wir bieten flexible Arbeitszeiten, bezahlten Fortbildungsurlaub (5 Tage pro Jahr), interne Fortbildungen und vieles mehr. Wenn du zudem Lust darauf hast, in einem wirklich tollen Team zu arbeiten, dann bist du &hellip; <\/p>\n<p class=\"link-more\"><a href=\"https:\/\/physio-buseck.de\/?page_id=30\" class=\"more-link\"><span class=\"screen-reader-text\">\u201eKomm ins Team!\u201c <\/span>weiterlesen<\/a><\/p>\n","protected":false},"author":1,"featured_media":0,"parent":0,"menu_order":0,"comment_status":"closed","ping_status":"closed","template":"","meta":{"footnotes":""},"class_list":["post-30","page","type-page","status-publish","hentry"],"_links":{"self":[{"href":"https:\/\/physio-buseck.de\/index.php?rest_route=\/wp\/v2\/pages\/30","targetHints":{"allow":["GET"]}}],"collection":[{"href":"https:\/\/physio-buseck.de\/index.php?rest_route=\/wp\/v2\/pages"}],"about":[{"href":"https:\/\/physio-buseck.de\/index.php?rest_route=\/wp\/v2\/types\/page"}],"author":[{"embeddable":true,"href":"https:\/\/physio-buseck.de\/index.php?rest_route=\/wp\/v2\/users\/1"}],"replies":[{"embeddable":true,"href":"https:\/\/physio-buseck.de\/index.php?rest_route=%2Fwp%2Fv2%2Fcomments&post=30"}],"version-history":[{"count":12,"href":"https:\/\/physio-buseck.de\/index.php?rest_route=\/wp\/v2\/pages\/30\/revisions"}],"predecessor-version":[{"id":43,"href":"https:\/\/physio-buseck.de\/index.php?rest_route=\/wp\/v2\/pages\/30\/revisions\/43"}],"wp:attachment":[{"href":"https:\/\/physio-buseck.de\/index.php?rest_route=%2Fwp%2Fv2%2Fmedia&parent=30"}],"curies":[{"name":"wp","href":"https:\/\/api.w.org\/{rel}","templated":true}]}}